{"id":6,"date":"2022-12-21T07:52:18","date_gmt":"2022-12-21T07:52:18","guid":{"rendered":"http:\/\/ppmprenovables.com\/?page_id=6"},"modified":"2023-04-26T06:40:23","modified_gmt":"2023-04-26T06:40:23","slug":"inicio","status":"publish","type":"page","link":"https:\/\/ppmprenovables.com\/","title":{"rendered":"Inicio"},"content":{"rendered":"\n<div class=\"wp-block-cover alignfull is-light\" style=\"min-height:700px;aspect-ratio:unset;\"><span aria-hidden=\"true\" class=\"wp-block-cover__background has-background-dim-0 has-background-dim\"><\/span><img loading=\"lazy\" decoding=\"async\" width=\"2560\" height=\"1230\" class=\"wp-block-cover__image-background wp-image-56\" alt=\"\" src=\"http:\/\/ppmprenovables.com\/wp-content\/uploads\/2022\/12\/PPMP-monta-renovables-scaled.jpg\" style=\"object-position:47% 0%\" data-object-fit=\"cover\" data-object-position=\"47% 0%\" srcset=\"https:\/\/ppmprenovables.com\/wp-content\/uploads\/2022\/12\/PPMP-monta-renovables-scaled.jpg 2560w, https:\/\/ppmprenovables.com\/wp-content\/uploads\/2022\/12\/PPMP-monta-renovables-300x144.jpg 300w, https:\/\/ppmprenovables.com\/wp-content\/uploads\/2022\/12\/PPMP-monta-renovables-1024x492.jpg 1024w, https:\/\/ppmprenovables.com\/wp-content\/uploads\/2022\/12\/PPMP-monta-renovables-768x369.jpg 768w, https:\/\/ppmprenovables.com\/wp-content\/uploads\/2022\/12\/PPMP-monta-renovables-1536x738.jpg 1536w, https:\/\/ppmprenovables.com\/wp-content\/uploads\/2022\/12\/PPMP-monta-renovables-2048x984.jpg 2048w\" sizes=\"auto, (max-width: 2560px) 100vw, 2560px\" \/><div class=\"wp-block-cover__inner-container is-layout-flow wp-block-cover-is-layout-flow\">\n<div style=\"height:80px\" aria-hidden=\"true\" class=\"wp-block-spacer\"><\/div>\n\n\n\n<h1 class=\"wp-block-heading has-text-align-center has-neve-link-hover-color-color has-text-color\" style=\"font-size:80px\">Els teus instal\u00b7ladors d&#8217;energies renovables<\/h1>\n\n\n\n<p class=\"has-text-align-center has-neve-link-hover-color-color has-text-color\" style=\"font-size:25px\">PPMP&nbsp;Renovables \u00e9s una empresa del Grup&nbsp;Solventa.6. Som experts en el muntatge d&#8217;instal\u00b7lacions d&#8217;energies renovables, principalment en el sector industrial i de serveis.<\/p>\n\n\n\n<div style=\"height:80px\" aria-hidden=\"true\" class=\"wp-block-spacer\"><\/div>\n\n\n\n<div style=\"height:80px\" aria-hidden=\"true\" class=\"wp-block-spacer\"><\/div>\n<\/div><\/div>\n\n\n\n<div style=\"height:80px\" aria-hidden=\"true\" class=\"wp-block-spacer\"><\/div>\n\n\n\n<div class=\"wp-block-columns is-layout-flex wp-container-core-columns-is-layout-9d6595d7 wp-block-columns-is-layout-flex\">\n<div class=\"wp-block-column is-layout-flow wp-block-column-is-layout-flow\"><div class=\"wp-block-image icon-style is-style-default\">\n<figure class=\"aligncenter size-thumbnail is-resized\"><img loading=\"lazy\" decoding=\"async\" src=\"http:\/\/ppmprenovables.com\/wp-content\/uploads\/2022\/12\/Pictos-landing-PPMP-03-150x150.png\" alt=\"\" class=\"wp-image-71\" width=\"75\" height=\"75\"\/><\/figure>\n<\/div>\n\n\n<h3 class=\"wp-block-heading has-text-align-center has-nv-dark-bg-color has-text-color\">Garantia<\/h3>\n\n\n\n<p class=\"has-text-align-center has-neve-link-hover-color-color has-text-color\">L&#8217;experi\u00e8ncia i el saber fer de les altres empreses del Grup&nbsp;Solventa.6: l&#8217;enginyeria&nbsp;Solventa.6 i&nbsp;Giroserveis, empresa d&#8217;instal\u00b7lacions i manteniments.<\/p>\n\n\n\n<div style=\"height:20px\" aria-hidden=\"true\" class=\"wp-block-spacer\"><\/div>\n<\/div>\n\n\n\n<div class=\"wp-block-column is-layout-flow wp-block-column-is-layout-flow\"><div class=\"wp-block-image icon-style is-style-default\">\n<figure class=\"aligncenter size-thumbnail is-resized\"><img loading=\"lazy\" decoding=\"async\" src=\"http:\/\/ppmprenovables.com\/wp-content\/uploads\/2022\/12\/Pictos-landing-PPMP-02-150x150.png\" alt=\"\" class=\"wp-image-70\" width=\"75\" height=\"75\"\/><\/figure>\n<\/div>\n\n\n<h3 class=\"wp-block-heading has-text-align-center has-nv-dark-bg-color has-text-color\">M\u00e9s que instal\u00b7ladors<\/h3>\n\n\n\n<p class=\"has-text-align-center has-neve-link-hover-color-color has-text-color\">Efici\u00e8ncia&nbsp;del servei i qualitat dels nostres muntatges: instal\u00b7laci\u00f3, acompanyament al client i manteniment.<\/p>\n\n\n\n<div style=\"height:20px\" aria-hidden=\"true\" class=\"wp-block-spacer\"><\/div>\n<\/div>\n\n\n\n<div class=\"wp-block-column is-layout-flow wp-block-column-is-layout-flow\"><div class=\"wp-block-image icon-style is-style-rounded\">\n<figure class=\"aligncenter size-thumbnail is-resized\"><img loading=\"lazy\" decoding=\"async\" src=\"http:\/\/ppmprenovables.com\/wp-content\/uploads\/2022\/12\/Pictos-landing-PPMP-05-150x150.png\" alt=\"\" class=\"wp-image-69\" width=\"75\" height=\"75\"\/><\/figure>\n<\/div>\n\n\n<h3 class=\"wp-block-heading has-text-align-center has-nv-dark-bg-color has-text-color\">La teva soluci\u00f3<\/h3>\n\n\n\n<p class=\"has-text-align-center has-neve-link-hover-color-color has-text-color\">La soluci\u00f3 ideal per a enginyeries, constructores i empreses de serveis, que tenen la necessitat de construir o muntar una instal\u00b7laci\u00f3 d&#8217;energies renovables, comen\u00e7ant per fotovoltaica i biomassa.<\/p>\n\n\n\n<div style=\"height:20px\" aria-hidden=\"true\" class=\"wp-block-spacer\"><\/div>\n<\/div>\n<\/div>\n\n\n\n<div style=\"height:80px\" aria-hidden=\"true\" class=\"wp-block-spacer\"><\/div>\n\n\n\n<div class=\"wp-block-cover alignfull\" style=\"min-height:300px;aspect-ratio:unset;\"><span aria-hidden=\"true\" class=\"wp-block-cover__background has-nv-dark-bg-background-color has-background-dim-100 has-background-dim\"><\/span><div class=\"wp-block-cover__inner-container is-layout-flow wp-block-cover-is-layout-flow\">\n<div style=\"height:140px\" aria-hidden=\"true\" class=\"wp-block-spacer\"><\/div>\n\n\n\n<h2 class=\"wp-block-heading has-text-align-center has-nv-text-dark-bg-color has-text-color\">Estem contractant!!!<\/h2>\n\n\n\n<p class=\"has-text-align-center has-neve-link-color-color has-text-color has-medium-font-size\">Si ets una persona interessada per les energies renovables, amb ganes de treballar per canviar el m\u00f3n i formar part d&#8217;una empresa consolidada en el sector, ets el nostre candidat ideal, envia&#8217;ns el teu curr\u00edculum a info@ppmprenovables.com<\/p>\n\n\n\n<div class=\"wp-block-buttons is-content-justification-center is-layout-flex wp-container-core-buttons-is-layout-16018d1d wp-block-buttons-is-layout-flex\"><\/div>\n\n\n\n<div style=\"height:140px\" aria-hidden=\"true\" class=\"wp-block-spacer\"><\/div>\n<\/div><\/div>\n\n\n\n<div class=\"wp-block-cover alignfull\" style=\"min-height:300px;aspect-ratio:unset;\"><span aria-hidden=\"true\" class=\"wp-block-cover__background has-neve-link-hover-color-background-color has-background-dim-100 has-background-dim\"><\/span><div class=\"wp-block-cover__inner-container is-layout-flow wp-block-cover-is-layout-flow\">\n<div style=\"height:140px\" aria-hidden=\"true\" class=\"wp-block-spacer\"><\/div>\n\n\n\n<h2 class=\"wp-block-heading has-text-align-center has-nv-text-dark-bg-color has-text-color\">Treballem junts per al teu proper projecte<\/h2>\n\n\n\n<p class=\"has-text-align-center has-medium-font-size\">Contacta amb nosaltres per construir o muntar una instal\u00b7laci\u00f3 d&#8217;energies renovables. Si tens dubtes t&#8217;assessorem per oferir-te la millor soluci\u00f3 a les teves necessitats.<\/p>\n\n\n\n<hr class=\"wp-block-separator has-alpha-channel-opacity\"\/>\n\n\n\n<div class=\"wp-block-columns is-layout-flex wp-container-core-columns-is-layout-9d6595d7 wp-block-columns-is-layout-flex\">\n<div class=\"wp-block-column is-layout-flow wp-block-column-is-layout-flow\"><div class=\"wp-block-image icon-style is-style-rounded\">\n<figure class=\"aligncenter size-full is-resized\"><img loading=\"lazy\" decoding=\"async\" src=\"http:\/\/ppmprenovables.com\/wp-content\/uploads\/2022\/12\/Pictos-contacta-04.png\" alt=\"\" class=\"wp-image-74\" width=\"110\" height=\"110\"\/><\/figure>\n<\/div>\n\n\n<h3 class=\"wp-block-heading has-text-align-center has-neve-link-color-color has-text-color\">Truca&#8217;ns<\/h3>\n\n\n\n<p class=\"has-text-align-center\">690 823 940<\/p>\n\n\n\n<div style=\"height:20px\" aria-hidden=\"true\" class=\"wp-block-spacer\"><\/div>\n<\/div>\n\n\n\n<div class=\"wp-block-column is-layout-flow wp-block-column-is-layout-flow\"><div class=\"wp-block-image icon-style is-style-rounded\">\n<figure class=\"aligncenter size-full is-resized\"><img loading=\"lazy\" decoding=\"async\" src=\"http:\/\/ppmprenovables.com\/wp-content\/uploads\/2022\/12\/Pictos-contacta-02.png\" alt=\"\" class=\"wp-image-75\" width=\"110\" height=\"110\"\/><\/figure>\n<\/div>\n\n\n<h3 class=\"wp-block-heading has-text-align-center has-neve-link-color-color has-text-color\">Email<\/h3>\n\n\n\n<p class=\"has-text-align-center\"><a href=\"mailto:info@ppmprenovables.com\" target=\"_blank\" rel=\"noreferrer noopener\">info@ppmprenovables.com<\/a> <\/p>\n\n\n\n<div style=\"height:20px\" aria-hidden=\"true\" class=\"wp-block-spacer\"><\/div>\n<\/div>\n\n\n\n<div class=\"wp-block-column is-layout-flow wp-block-column-is-layout-flow\"><div class=\"wp-block-image icon-style is-style-rounded\">\n<figure class=\"aligncenter size-full is-resized\"><img loading=\"lazy\" decoding=\"async\" src=\"http:\/\/ppmprenovables.com\/wp-content\/uploads\/2022\/12\/Pictos-contacta-03.png\" alt=\"\" class=\"wp-image-76\" width=\"110\" height=\"110\"\/><\/figure>\n<\/div>\n\n\n<h3 class=\"wp-block-heading has-text-align-center has-neve-link-color-color has-text-color\">Oficines<\/h3>\n\n\n\n<p class=\"has-text-align-center\">C\/ Sant Roc, 2 \u2013 Local D3, Centre d&#8217;empreses laMaret.cat, 17190 Salt \u00b7 Girona<\/p>\n\n\n\n<div style=\"height:20px\" aria-hidden=\"true\" class=\"wp-block-spacer\"><\/div>\n<\/div>\n<\/div>\n\n\n\n<div class=\"wp-block-columns is-layout-flex wp-container-core-columns-is-layout-9d6595d7 wp-block-columns-is-layout-flex\">\n<div class=\"wp-block-column is-layout-flow wp-block-column-is-layout-flow\"><div class=\"alignleft wp-block-site-logo\"><a href=\"https:\/\/ppmprenovables.com\/\" class=\"custom-logo-link\" rel=\"home\"><img loading=\"lazy\" decoding=\"async\" width=\"216\" height=\"99\" src=\"https:\/\/ppmprenovables.com\/wp-content\/uploads\/2022\/12\/LOGO-POSITIU.png\" class=\"custom-logo\" alt=\"PPMP RENOVABLES\" srcset=\"https:\/\/ppmprenovables.com\/wp-content\/uploads\/2022\/12\/LOGO-POSITIU.png 3667w, https:\/\/ppmprenovables.com\/wp-content\/uploads\/2022\/12\/LOGO-POSITIU-300x138.png 300w, https:\/\/ppmprenovables.com\/wp-content\/uploads\/2022\/12\/LOGO-POSITIU-1024x471.png 1024w, https:\/\/ppmprenovables.com\/wp-content\/uploads\/2022\/12\/LOGO-POSITIU-768x354.png 768w, https:\/\/ppmprenovables.com\/wp-content\/uploads\/2022\/12\/LOGO-POSITIU-1536x707.png 1536w, https:\/\/ppmprenovables.com\/wp-content\/uploads\/2022\/12\/LOGO-POSITIU-2048x943.png 2048w\" sizes=\"auto, (max-width: 216px) 100vw, 216px\" \/><\/a><\/div><\/div>\n\n\n\n<div class=\"wp-block-column is-vertically-aligned-bottom is-layout-flow wp-block-column-is-layout-flow\">\n<ul class=\"wp-block-social-links aligncenter is-content-justification-right is-layout-flex wp-container-core-social-links-is-layout-765c4724 wp-block-social-links-is-layout-flex\"><li class=\"wp-social-link wp-social-link-linkedin  wp-block-social-link\"><a href=\"https:\/\/www.linkedin.com\/company\/ppmp-renovables\/\" class=\"wp-block-social-link-anchor\"><svg width=\"24\" height=\"24\" viewBox=\"0 0 24 24\" version=\"1.1\" xmlns=\"http:\/\/www.w3.org\/2000\/svg\" aria-hidden=\"true\" focusable=\"false\"><path d=\"M19.7,3H4.3C3.582,3,3,3.582,3,4.3v15.4C3,20.418,3.582,21,4.3,21h15.4c0.718,0,1.3-0.582,1.3-1.3V4.3 C21,3.582,20.418,3,19.7,3z M8.339,18.338H5.667v-8.59h2.672V18.338z M7.004,8.574c-0.857,0-1.549-0.694-1.549-1.548 c0-0.855,0.691-1.548,1.549-1.548c0.854,0,1.547,0.694,1.547,1.548C8.551,7.881,7.858,8.574,7.004,8.574z M18.339,18.338h-2.669 v-4.177c0-0.996-0.017-2.278-1.387-2.278c-1.389,0-1.601,1.086-1.601,2.206v4.249h-2.667v-8.59h2.559v1.174h0.037 c0.356-0.675,1.227-1.387,2.526-1.387c2.703,0,3.203,1.779,3.203,4.092V18.338z\"><\/path><\/svg><span class=\"wp-block-social-link-label screen-reader-text\">https:\/\/www.linkedin.com\/company\/ppmp-renovables\/<\/span><\/a><\/li><\/ul>\n<\/div>\n<\/div>\n\n\n\n<div class=\"wp-block-buttons is-content-justification-center is-layout-flex wp-container-core-buttons-is-layout-16018d1d wp-block-buttons-is-layout-flex\"><\/div>\n\n\n\n<p class=\"footerLF\">Desenvolupat per <a href=\"https:\/\/www.swfactoria.com\">La Factoria<\/a><\/p>\n<\/div><\/div>\n","protected":false},"excerpt":{"rendered":"<p>Garantia L&#8217;experi\u00e8ncia i el saber fer de les altres empreses del Grup&nbsp;Solventa.6: l&#8217;enginyeria&nbsp;Solventa.6 i&nbsp;Giroserveis, empresa d&#8217;instal\u00b7lacions i manteniments. M\u00e9s que instal\u00b7ladors Efici\u00e8ncia&nbsp;del servei i qualitat dels nostres muntatges: instal\u00b7laci\u00f3, acompanyament al client i manteniment. La teva soluci\u00f3 La soluci\u00f3 ideal per a enginyeries, constructores i empreses de serveis, que tenen la necessitat de construir o&hellip;&nbsp;<a href=\"https:\/\/ppmprenovables.com\/\" class=\"\" rel=\"bookmark\">Llegiu m\u00e9s &raquo;<span class=\"screen-reader-text\">Inicio<\/span><\/a><\/p>\n","protected":false},"author":1,"featured_media":0,"parent":0,"menu_order":0,"comment_status":"closed","ping_status":"closed","template":"","meta":{"neve_meta_sidebar":"","neve_meta_container":"","neve_meta_enable_content_width":"on","neve_meta_content_width":100,"neve_meta_title_alignment":"","neve_meta_author_avatar":"","neve_post_elements_order":"","neve_meta_disable_header":"","neve_meta_disable_footer":"","neve_meta_disable_title":"on","footnotes":""},"class_list":["post-6","page","type-page","status-publish","hentry"],"_links":{"self":[{"href":"https:\/\/ppmprenovables.com\/index.php?rest_route=\/wp\/v2\/pages\/6","targetHints":{"allow":["GET"]}}],"collection":[{"href":"https:\/\/ppmprenovables.com\/index.php?rest_route=\/wp\/v2\/pages"}],"about":[{"href":"https:\/\/ppmprenovables.com\/index.php?rest_route=\/wp\/v2\/types\/page"}],"author":[{"embeddable":true,"href":"https:\/\/ppmprenovables.com\/index.php?rest_route=\/wp\/v2\/users\/1"}],"replies":[{"embeddable":true,"href":"https:\/\/ppmprenovables.com\/index.php?rest_route=%2Fwp%2Fv2%2Fcomments&post=6"}],"version-history":[{"count":31,"href":"https:\/\/ppmprenovables.com\/index.php?rest_route=\/wp\/v2\/pages\/6\/revisions"}],"predecessor-version":[{"id":114,"href":"https:\/\/ppmprenovables.com\/index.php?rest_route=\/wp\/v2\/pages\/6\/revisions\/114"}],"wp:attachment":[{"href":"https:\/\/ppmprenovables.com\/index.php?rest_route=%2Fwp%2Fv2%2Fmedia&parent=6"}],"curies":[{"name":"wp","href":"https:\/\/api.w.org\/{rel}","templated":true}]}}